{"id":173,"date":"2022-02-10T01:26:07","date_gmt":"2022-02-10T00:26:07","guid":{"rendered":"https:\/\/mlynki.com.pl\/mlynki\/o-firmie-2\/"},"modified":"2023-07-31T15:39:55","modified_gmt":"2023-07-31T13:39:55","slug":"o-firmie-2","status":"publish","type":"page","link":"https:\/\/mlynki.com.pl\/mlynki\/","title":{"rendered":"O FIRMIE"},"content":{"rendered":"\n    \n    <section class=\"u-clearfix u-grey-25 u-lightbox u-section-2\" id=\"sec-0500\">\n      <div class=\"u-clearfix u-sheet u-sheet-1\">\n        <div class=\"u-palette-2-base u-shape u-shape-rectangle u-shape-1\"><\/div>\n        <img class=\"u-image u-image-default u-image-1\" data-image-width=\"1600\" data-image-height=\"1067\" src=\"https:\/\/mlynki.com.pl\/mlynki\/wp-content\/uploads\/2022\/02\/KM700-1.jpg\" alt=\"\">\n        <div class=\"u-align-left u-container-style u-group u-palette-1-dark-2 u-group-1\">\n          <div class=\"u-container-layout u-container-layout-1\">\n            <p class=\"u-text u-text-1\"> M\u0142ynkol Krzysztof Calak<\/p>\n            <h1 class=\"u-text u-text-2\">Producent m\u0142ynk\u00f3w koloidalnych\n| M\u0142ynkol Krzysztof Calak<\/h1>\n          <\/div>\n        <\/div>\n        <div class=\"u-expanded-width u-list u-list-1\">\n          <div class=\"u-repeater u-repeater-1\">\n            <div class=\"u-align-center u-container-style u-list-item u-repeater-item u-white u-list-item-1\">\n              <div class=\"u-container-layout u-similar-container u-valign-top u-container-layout-2\"><span class=\"u-align-center u-file-icon u-icon u-icon-rounded u-palette-1-base u-radius-20 u-icon-1\" data-animation-name=\"fadeIn\" data-animation-duration=\"1000\" data-animation-direction=\"\"><img src=\"https:\/\/mlynki.com.pl\/mlynki\/wp-content\/uploads\/2022\/02\/KM15001.jpg\" alt=\"\"><\/span>\n                <p class=\"u-text u-text-3\">M\u0142ynek koloidalny KM100<\/p>\n                <a href=\"https:\/\/mlynki.com.pl\/mlynki\/oferta-2\/#carousel_5cfc\" class=\"u-btn u-btn-round u-button-style u-hover-palette-1-light-1 u-palette-1-base u-radius-50 u-btn-1\">Zobacz<\/a>\n              <\/div>\n            <\/div>\n            <div class=\"u-align-center u-container-style u-list-item u-repeater-item u-video-cover u-white u-list-item-2\">\n              <div class=\"u-container-layout u-similar-container u-valign-top u-container-layout-3\"><span class=\"u-align-center u-file-icon u-icon u-icon-rounded u-palette-1-base u-radius-20 u-icon-2\" data-animation-name=\"fadeIn\" data-animation-duration=\"1000\" data-animation-direction=\"\"><img src=\"https:\/\/mlynki.com.pl\/mlynki\/wp-content\/uploads\/2022\/02\/KM15001.jpg\" alt=\"\"><\/span>\n                <p class=\"u-text u-text-4\">M\u0142ynek koloidalny KM300<\/p>\n                <a href=\"https:\/\/mlynki.com.pl\/mlynki\/oferta-2\/#carousel_b9ab\" class=\"u-btn u-btn-round u-button-style u-hover-palette-1-light-1 u-palette-1-base u-radius-50 u-btn-2\">zobacz<\/a>\n              <\/div>\n            <\/div>\n            <div class=\"u-align-center u-container-style u-list-item u-repeater-item u-video-cover u-white u-list-item-3\">\n              <div class=\"u-container-layout u-similar-container u-valign-top u-container-layout-4\"><span class=\"u-align-center u-file-icon u-icon u-icon-rounded u-palette-1-base u-radius-20 u-icon-3\" data-animation-name=\"fadeIn\" data-animation-duration=\"1000\" data-animation-direction=\"\"><img src=\"https:\/\/mlynki.com.pl\/mlynki\/wp-content\/uploads\/2022\/02\/KM15001.jpg\" alt=\"\"><\/span>\n                <p class=\"u-text u-text-5\">M\u0142ynek koloidalny KM700<\/p>\n                <a href=\"https:\/\/mlynki.com.pl\/mlynki\/oferta-2\/#carousel_43d9\" class=\"u-btn u-btn-round u-button-style u-hover-palette-1-light-1 u-palette-1-base u-radius-50 u-btn-3\">zobacz<\/a>\n              <\/div>\n            <\/div>\n            <div class=\"u-align-center u-container-style u-list-item u-repeater-item u-video-cover u-white u-list-item-4\">\n              <div class=\"u-container-layout u-similar-container u-valign-top u-container-layout-5\"><span class=\"u-align-center u-file-icon u-icon u-icon-rounded u-palette-1-base u-radius-20 u-icon-4\" data-animation-name=\"fadeIn\" data-animation-duration=\"1000\" data-animation-direction=\"\"><img src=\"https:\/\/mlynki.com.pl\/mlynki\/wp-content\/uploads\/2022\/02\/KM15001.jpg\" alt=\"\"><\/span>\n                <p class=\"u-text u-text-6\">M\u0142ynek koloidalny&nbsp; KM1500<\/p>\n                <a href=\"https:\/\/mlynki.com.pl\/mlynki\/oferta-2\/#carousel_c8f3\" class=\"u-btn u-btn-round u-button-style u-hover-palette-1-light-1 u-palette-1-base u-radius-50 u-btn-4\">zobacz<\/a>\n              <\/div>\n            <\/div>\n            <div class=\"u-align-center u-container-style u-list-item u-repeater-item u-video-cover u-white u-list-item-5\">\n              <div class=\"u-container-layout u-similar-container u-valign-top u-container-layout-6\"><span class=\"u-align-center u-file-icon u-icon u-icon-rounded u-palette-1-base u-radius-20 u-icon-5\" data-animation-name=\"fadeIn\" data-animation-duration=\"1000\" data-animation-direction=\"\"><img src=\"https:\/\/mlynki.com.pl\/mlynki\/wp-content\/uploads\/2022\/02\/KM15001.jpg\" alt=\"\"><\/span>\n                <p class=\"u-text u-text-7\">KMH mlynki z mieszad\u0142em<\/p>\n                <a href=\"https:\/\/mlynki.com.pl\/mlynki\/oferta-2\/#carousel_c8f3\" class=\"u-btn u-btn-round u-button-style u-hover-palette-1-light-1 u-palette-1-base u-radius-50 u-btn-5\">Zobacz<\/a>\n              <\/div>\n            <\/div>\n          <\/div>\n        <\/div>\n      <\/div>\n    <\/section>\n    <section class=\"u-clearfix u-grey-15 u-lightbox u-section-3\" id=\"carousel_af99\">\n      <div class=\"u-clearfix u-sheet u-sheet-1\">\n        <div class=\"u-clearfix u-expanded-width u-layout-wrap u-layout-wrap-1\">\n          <div class=\"u-layout\" style=\"\">\n            <div class=\"u-layout-row\" style=\"\">\n              <div class=\"u-align-left-xs u-container-style u-layout-cell u-size-30 u-layout-cell-1\">\n                <div class=\"u-container-layout u-container-layout-1\">\n                  <p class=\"u-align-justify u-text u-text-1\">O FIRMIE<\/p>\n                  <p class=\"u-align-justify u-text u-text-2\"> Firma M\u0142ynkol od ponad 60 lat zajmuje si\u0119 <span style=\"font-weight: 700;\">p<span style=\"font-weight: 700;\">rodukcj\u0105 m\u0142yn\u00f3w koloidalnych<\/span>\n                    <\/span> dla wielu ga\u0142\u0119zi przemys\u0142u spo\u017cywczego, farmaceutycznego i chemicznego. S\u0142u\u017c\u0105 one do bardzo dok\u0142adnego rozcierania, mielenia oraz homogenizacji jednego lub wielu produkt\u00f3w niewi\u0105\u017c\u0105cych si\u0119 ze sob\u0105 innymi metodami mieszania. M\u0142ynkol to niewielka rodzinna firma z wieloletni\u0105 histori\u0105. Rozpocz\u0119\u0142a swoj\u0105 dzia\u0142alno\u015b\u0107 w 1958 r. pod nazw\u0105 \u201eMechanika Maszyn Tadeusz Su\u0142owski\u201d. Tadeusz Su\u0142owski zdoby\u0142 do\u015bwiadczenie techniczne, pracuj\u0105c po wojnie w Hucie Warszawa (dzi\u015b Huta ArcelorMittal Warszawa) i wraz z zaprzyja\u017anionym in\u017cynierem zaprojektowali pierwszy m\u0142yn koloidalny w Polsce \u2013 przeznaczony g\u0142\u00f3wnie dla przemys\u0142u mi\u0119snego.\n                  <\/p>\n                  <img class=\"u-expanded-width u-hover-feature u-image u-image-default u-image-1\" src=\"https:\/\/mlynki.com.pl\/mlynki\/wp-content\/uploads\/2022\/02\/KM70042-2.jpg\" alt=\"m\u0142ynek koloidalny\" data-image-width=\"1600\" data-image-height=\"979\">\n                <\/div>\n              <\/div>\n              <div class=\"u-align-justify u-container-style u-layout-cell u-size-30 u-layout-cell-2\">\n                <div class=\"u-container-layout u-container-layout-2\">\n                  <img class=\"u-expanded-width u-hover-feature u-image u-image-default u-image-2\" src=\"https:\/\/mlynki.com.pl\/mlynki\/wp-content\/uploads\/2022\/02\/KM15001.jpg?rand=331c\" alt=\"m\u0142ynek koloidalny\" data-image-width=\"1600\" data-image-height=\"1067\">\n                  <h2 class=\"u-align-justify u-text u-text-3\">Nowoczesna produkcja m\u0142ynk\u00f3w koloidalnych<\/h2>\n                  <p class=\"u-text u-text-4\"> Tadeusz Su\u0142owski prowadzi\u0142 firm\u0119 do roku 2000. Wtedy te\u017c przekaza\u0142 j\u0105 w r\u0119ce zi\u0119cia Krzysztofa Calaka, kt\u00f3ry zmieni\u0142 nazw\u0119 na \u201eM\u0142ynkol Krzysztof Calak\u201d. W owym czasie nadesz\u0142a pora wielkich zmian, a do oferty zosta\u0142y wprowadzone nowe m\u0142yny w kwasoodpornych obudowach i o r\u00f3\u017cnych wydajno\u015bciach, a tak\u017ce homogenizatory oraz m\u0142yny z mieszad\u0142em. \u200bZ czasem zastosowanie m\u0142ynk\u00f3w zacz\u0119\u0142o si\u0119 zwi\u0119ksza\u0107, zyskuj\u0105c tym samym nowych klient\u00f3w i pomys\u0142y na nowocze\u015bniejsze, innowacyjne urz\u0105dzenia wykorzystywane w wielu bran\u017cach. W 2020 roku Krzysztof przekaza\u0142 firm\u0119 swojemu synowi \u2013 \u0141ukaszowi Su\u0142owskiemu. Korzysta on z ogromnego do\u015bwiadczenia, jakie zdoby\u0142 w Polsce oraz za granic\u0105 i wiedzy, kt\u00f3r\u0105 od czas\u00f3w jego dzieci\u0144stwa dzielili si\u0119 z nim ojciec, a tak\u017ce dziadek. \u0141ukasz Su\u0142owski jest got\u00f3w, aby podtrzyma\u0107 rodzinny interes i odnosi\u0107 kolejne sukcesy, umacniaj\u0105c pozycj\u0119 firmy na rynkach krajowym i zagranicznym. Ju\u017c od pocz\u0105tku swojej dzia\u0142alno\u015bci bada, testuje i modyfikuje maszyny, aby stworzy\u0107 nowe urz\u0105dzenia b\u0105d\u017a ulepszy\u0107 ju\u017c te istniej\u0105ce. Niewielkie przer\u00f3bki oraz dodatkowe akcesoria sprawi\u0142y, \u017ce nasze m\u0142yny koloidalne s\u0105 jednymi z <span style=\"font-weight: 700;\">najbardziej uniwersalnych i wielozadaniowych maszyn w przemy\u015ble<\/span>.\n                  <\/p>\n                <\/div>\n              <\/div>\n            <\/div>\n          <\/div>\n        <\/div>\n      <\/div>\n      \n      \n    <\/section>\n    <section class=\"u-align-left u-clearfix u-grey-15 u-section-4\" id=\"sec-01ba\">\n      <div class=\"u-clearfix u-sheet u-sheet-1\">\n        <div class=\"fr-view u-clearfix u-rich-text u-text u-text-1\">\n          <h2>Producent specjalistycznych m\u0142ynk\u00f3w koloidalnych<\/h2>\n          <p id=\"isPasted\">Dzi\u0119ki unowocze\u015bnieniom i modyfikacjom uda\u0142o nam si\u0119 skonstruowa\u0107 urz\u0105dzenia, kt\u00f3re s\u0142u\u017c\u0105 przedsi\u0119biorstwom o r\u00f3\u017cnym profilu dzia\u0142alno\u015bci. W ofercie znale\u017a\u0107 mo\u017cna m.in. wysokiej jako\u015bci <a class=\"u-active-none u-border-none u-btn u-button-style u-hover-none u-none u-text-palette-1-base u-btn-1\" href=\"\/mlynki\/\">m\u0142ynki przemys\u0142owe<\/a> wykorzystywane przy produkcji np. artyku\u0142\u00f3w spo\u017cywczych. W zale\u017cno\u015bci od zapotrzebowania dost\u0119pne s\u0105 modele o r\u00f3\u017cnej wydajno\u015bci oraz wielko\u015bci. Nasze m\u0142ynki koloidalne ze stali kwasoodpornej nap\u0119dzane s\u0105 silnikami elektrycznymi. Dzi\u0119ki wbudowanym sterownikom ich praca jest bezpieczna oraz \u0142atwa do kontroli i monitorowania. Ka\u017cdy <a class=\"u-active-none u-border-none u-btn u-button-style u-hover-none u-none u-text-palette-1-base u-btn-2\" href=\"\/mlynki\/\">m\u0142ynek koloidalny<\/a> posiada system regulacji mielenia, dzi\u0119ki kt\u00f3remu mo\u017cliwe jest dopasowanie odpowiedniej gradacji. Wybieraj\u0105c konkretny sprz\u0119t, nale\u017cy uwzgl\u0119dni\u0107 konsystencj\u0119 wyrob\u00f3w, poniewa\u017c determinuje ona typ urz\u0105dzenia. Rozdrabniacz koloidalny dost\u0119pny jest w wersji z mieszad\u0142em, co mo\u017ce znaczne znacz\u0105co wp\u0142yn\u0105\u0107 na komfort i czas pracy. Oferujemy r\u00f3wnie\u017c profesjonalne doradztwo w zakresie doboru sprz\u0119tu do potrzeb firmy.\n          <\/p>\n          <p>\n            <br>\n          <\/p>\n        <\/div>\n        <div class=\"fr-view u-clearfix u-rich-text u-text u-text-2\">\n          <h2>Renomowany producent m\u0142ynk\u00f3w koloidalnych<\/h2>\n          <p id=\"isPasted\">Jako wiod\u0105cy na polskim rynku <span style=\"font-weight: 700;\">producent m\u0142ynk\u00f3w koloidalnych<\/span>, specjalizujemy si\u0119 w dostarczaniu innowacyjnych rozwi\u0105za\u0144 dla r\u00f3\u017cnorodnych bran\u017c. Nasza firma \u0142\u0105czy bogate do\u015bwiadczenie, zaawansowan\u0105 technologi\u0119 i pasj\u0119 do doskona\u0142o\u015bci, aby zapewni\u0107 klientom najwy\u017csz\u0105 jako\u015b\u0107 i wydajno\u015b\u0107. Nasze m\u0142ynki koloidalne s\u0105 projektowane i wytwarzane z najwi\u0119ksz\u0105 staranno\u015bci\u0105, dlatego potrafi\u0105 sprosta\u0107 bardzo wysokim wymaganiom. Nasz zgrany zesp\u00f3\u0142 mo\u017ce si\u0119 tak\u017ce poszczyci\u0107 doskona\u0142\u0105 obs\u0142ug\u0105 klienta. Jeste\u015bmy zawsze gotowi, by pom\u00f3c i udzieli\u0107 profesjonalnej porady na ka\u017cdym etapie wsp\u00f3\u0142pracy. D\u0105\u017cymy do pe\u0142nego zrozumienia potrzeb naszych klient\u00f3w i dostarczania rozwi\u0105za\u0144, kt\u00f3re spe\u0142niaj\u0105 ich oczekiwania.\n          <\/p>\n          <p>\n            <br>\n          <\/p>\n        <\/div>\n        <div class=\"fr-view u-clearfix u-rich-text u-text u-text-3\">\n          <h2>Produkty M\u0142ynkol \u2013 wsparcie techniczne i gwarancja producenta<\/h2>\n          <p id=\"isPasted\">Nasze m\u0142ynki koloidalne znajduj\u0105 zastosowanie w wielu bran\u017cach. Zapraszamy do zapoznania si\u0119 z szerokim asortymentem urz\u0105dze\u0144, posiadaj\u0105cych r\u00f3\u017cnorodne parametry i funkcje. Jeste\u015bmy przygotowani do niesienia pomocy podczas wyboru odpowiedniego modelu oraz konfigurowania zakupionego m\u0142ynka w celu osi\u0105gni\u0119cia optymalnych rezultat\u00f3w w unikatowych procesach Pa\u0144stwa przedsi\u0119biorstwa. Z przyjemno\u015bci\u0105 opowiadamy o <span style=\"font-weight: 700;\">funkcjonalno\u015bci naszych produkt\u00f3w<\/span>, poniewa\u017c dok\u0142adamy wszelkich stara\u0144, by ich u\u017cytkowanie by\u0142o intuicyjne i bezpieczne. Ch\u0119tnie podzielimy si\u0119 wskaz\u00f3wkami dotycz\u0105cymi czyszczenia i konserwacji naszych m\u0142ynk\u00f3w, a w razie wyst\u0105pienia problem\u00f3w technicznych oferujemy wsparcie w diagnozowaniu i naprawie usterek. Serdecznie zapraszamy do kontaktu!\n          <\/p>\n          <p>\n            <br>\n          <\/p>\n        <\/div>\n      <\/div>\n    <\/section>\n    <section class=\"u-clearfix u-section-5\" id=\"sec-1d2b\">\n      <div class=\"u-expanded u-grey-10 u-map\">\n        <div class=\"embed-responsive\">\n          <iframe class=\"embed-responsive-item\" src=\"\/\/maps.google.com\/maps?output=embed&amp;q=M%C5%82ynkol%20Krzysztof%20Calak%0Aul.%20Jagodowa%2014%0A05-420%20J%C3%B3zef%C3%B3w%2Fk.%20Otwocka&amp;t=m\" data-map=\"JTdCJTIycG9zaXRpb25UeXBlJTIyJTNBJTIybWFwLWFkZHJlc3MlMjIlMkMlMjJhZGRyZXNzJTIyJTNBJTIyTSVDNSU4Mnlua29sJTIwS3J6eXN6dG9mJTIwQ2FsYWslNUNudWwuJTIwSmFnb2Rvd2ElMjAxNCU1Q24wNS00MjAlMjBKJUMzJUIzemVmJUMzJUIzdyUyRmsuJTIwT3R3b2NrYSUyMiUyQyUyMnpvb20lMjIlM0ElMjIlMjIlMkMlMjJ0eXBlSWQlMjIlM0ElMjJyb2FkJTIyJTJDJTIybGFuZyUyMiUzQW51bGwlMkMlMjJhcGlLZXklMjIlM0FudWxsJTJDJTIybWFya2VycyUyMiUzQSU1QiU1RCU3RA==\"><\/iframe>\n        <\/div>\n      <\/div>\n      <div class=\"u-align-left u-container-style u-grey-15 u-group u-group-1\">\n        <div class=\"u-container-layout u-valign-top-xs u-container-layout-1\">\n          <p class=\"u-text u-text-1\">Producent M\u0142ynk\u00f3w Koloidalnych<\/p>\n          <p class=\"u-text u-text-2\"> M\u0142ynkol Krzysztof Calak<br>ul. Jagodowa 14<br>05-420 J\u00f3zef\u00f3w\/k. Otwocka \n          <\/p>\n          <p class=\"u-text u-text-3\"> tel: 22 7892205;<br>kom <a href=\"tel:+48605317804\" class=\"u-active-none u-border-none u-btn u-button-link u-button-style u-hover-none u-none u-text-palette-1-base u-btn-1\">+48 605 317 804 <\/a>\n          <\/p>\n          <p class=\"u-text u-text-4\">\n            <a class=\"u-active-none u-border-none u-btn u-button-link u-button-style u-hover-none u-none u-text-palette-1-base u-btn-2\" href=\"mailto:biuro@mlynki.com.pl\">biuro@mlynki.com.pl<\/a>\n          <\/p>\n        <\/div>\n      <\/div>\n    <\/section>\n    \n    \n  \n","protected":false},"excerpt":{"rendered":"<p>M\u0142ynkol Krzysztof Calak Producent m\u0142ynk\u00f3w koloidalnych | M\u0142ynkol Krzysztof Calak M\u0142ynek koloidalny KM100 Zobacz M\u0142ynek koloidalny KM300 zobacz M\u0142ynek koloidalny KM700 zobacz M\u0142ynek koloidalny&nbsp; KM1500 zobacz KMH mlynki z mieszad\u0142em Zobacz O FIRMIE Firma M\u0142ynkol od ponad 60 lat zajmuje si\u0119 produkcj\u0105 m\u0142yn\u00f3w koloidalnych dla wielu ga\u0142\u0119zi przemys\u0142u spo\u017cywczego, farmaceutycznego i chemicznego. S\u0142u\u017c\u0105 one do &hellip; <a href=\"https:\/\/mlynki.com.pl\/mlynki\/\" class=\"more-link\">Continue reading<span class=\"screen-reader-text\"> &#8222;O FIRMIE&#8221;<\/span><\/a><\/p>\n","protected":false},"author":1,"featured_media":0,"parent":0,"menu_order":4,"comment_status":"closed","ping_status":"closed","template":"","meta":[],"_links":{"self":[{"href":"https:\/\/mlynki.com.pl\/mlynki\/wp-json\/wp\/v2\/pages\/173"}],"collection":[{"href":"https:\/\/mlynki.com.pl\/mlynki\/wp-json\/wp\/v2\/pages"}],"about":[{"href":"https:\/\/mlynki.com.pl\/mlynki\/wp-json\/wp\/v2\/types\/page"}],"author":[{"embeddable":true,"href":"https:\/\/mlynki.com.pl\/mlynki\/wp-json\/wp\/v2\/users\/1"}],"replies":[{"embeddable":true,"href":"https:\/\/mlynki.com.pl\/mlynki\/wp-json\/wp\/v2\/comments?post=173"}],"version-history":[{"count":17,"href":"https:\/\/mlynki.com.pl\/mlynki\/wp-json\/wp\/v2\/pages\/173\/revisions"}],"predecessor-version":[{"id":378,"href":"https:\/\/mlynki.com.pl\/mlynki\/wp-json\/wp\/v2\/pages\/173\/revisions\/378"}],"wp:attachment":[{"href":"https:\/\/mlynki.com.pl\/mlynki\/wp-json\/wp\/v2\/media?parent=173"}],"curies":[{"name":"wp","href":"https:\/\/api.w.org\/{rel}","templated":true}]}}