{"id":167,"date":"2022-02-10T01:26:04","date_gmt":"2022-02-10T00:26:04","guid":{"rendered":"https:\/\/mlynki.com.pl\/mlynki\/oferta-2\/"},"modified":"2023-07-31T12:25:58","modified_gmt":"2023-07-31T10:25:58","slug":"oferta-2","status":"publish","type":"page","link":"https:\/\/mlynki.com.pl\/mlynki\/oferta-2\/","title":{"rendered":"OFERTA"},"content":{"rendered":"\n    \n    <section class=\"u-align-left u-clearfix u-video u-video-contain u-section-2\" id=\"carousel_edb1\">\n      <div class=\"u-background-video u-expanded\" style=\"\">\n        <div class=\"embed-responsive embed-responsive-1\">\n          <iframe style=\"position: absolute;top: 0;left: 0;width: 100%;height: 100%;\" class=\"embed-responsive-item\" src=\"https:\/\/www.youtube.com\/embed\/HsVMTW6No0c?playlist=HsVMTW6No0c&amp;loop=1&amp;mute=1&amp;showinfo=0&amp;controls=0&amp;start=0&amp;autoplay=1\" data-autoplay=\"1\" frameborder=\"0\" allowfullscreen=\"\"><\/iframe>\n        <\/div>\n      <\/div>\n      <div class=\"u-clearfix u-sheet u-sheet-1\"><\/div>\n    <\/section>\n    <section class=\"skrollable u-clearfix u-grey-10 u-lightbox u-section-3\" id=\"sec-aca6\">\n      <div class=\"u-clearfix u-sheet u-sheet-1\">\n        <h1 class=\"u-align-center u-text u-text-default u-text-1\">Oferta\nM\u0142ynkol<\/h1>\n        <p class=\"u-align-center u-text u-text-2\">Nasza oferta obejmuje&nbsp;proste\nw obs\u0142udze i czyszczeniu urz\u0105dzenia\ndo rozdrabniania wykonane\nze stali kwasoodpornych o wydajno\u015bciach od 100kg do 1500+kg na\ngodzin\u0119.\nMaszyny te\nnap\u0119dzane s\u0105\nprzez silniki\nelektryczne o mocy od 5,5kw do 30kw oraz wyposa\u017cone w wysokiej\njako\u015bci sterowniki,\ngwarantuj\u0105ce\nbezpieczn\u0105 prac\u0119\nsilnika,\njak i operatora.\nWszystkie nasze m\u0142ynki\nzapewniaj\u0105 taki\nsam stopie\u0144 mielenia z regulacj\u0105 dla uzyskania wymaganej gradacji.\nDzi\u0119ki\nich wydajno\u015bci, precyzji oraz innowacyjnym rozwi\u0105zaniom\ntechnologicznym, urz\u0105dzenia w naszym asortymencie znacznie u\u0142atwiaj\u0105\ni usprawniaj\u0105 procesy przemys\u0142owe, pozwalaj\u0105c jednocze\u015bnie na\nosi\u0105gni\u0119cie wysokiej jako\u015bci produkt\u00f3w. Z przyjemno\u015bci\u0105\nopowiemy Pa\u0144stwu o zaletach poszczeg\u00f3lnych modeli. W celu uzyskania\nszczeg\u00f3\u0142owych informacji, zapraszamy do kontaktu!<\/p>\n        <img class=\"u-align-left u-border-2 u-border-white u-image u-image-1\" data-image-width=\"1600\" data-image-height=\"1067\" src=\"https:\/\/mlynki.com.pl\/mlynki\/wp-content\/uploads\/2022\/02\/Km1002.jpg\">\n        <img class=\"u-align-left u-border-2 u-border-white u-image u-image-2\" data-image-width=\"1600\" data-image-height=\"1067\" src=\"https:\/\/mlynki.com.pl\/mlynki\/wp-content\/uploads\/2022\/02\/KM1003.jpg\">\n        <img class=\"u-align-left u-border-2 u-border-white u-image u-image-3\" data-image-width=\"1600\" data-image-height=\"1067\" src=\"https:\/\/mlynki.com.pl\/mlynki\/wp-content\/uploads\/2022\/02\/km10011.jpg\">\n        <p class=\"u-align-center u-text u-text-3\"> M\u0142yny Z\nmieszad\u0142em g\u0142\u00f3wnie do twarogu oraz innych g\u0119stych produkt\u00f3w zawieszaj\u0105cych si\u0119\nw leju zasypowym .\nKMH300 7,5kw\n300kg\/h\n&nbsp;KMH700 11kw 700kg\/h\n&nbsp;KMH1500&nbsp;\n1500kg\/h 18,5kw<\/p>\n      <\/div>\n    <\/section>\n    <section class=\"u-clearfix u-grey-5 u-lightbox u-section-4\" id=\"carousel_5cfc\">\n      \n      \n      <h3 class=\"u-align-center u-text u-text-1\">\n        <span style=\"font-weight: 400;\">Ofert\u0119\notwiera model <span class=\"u-text-palette-1-base\" style=\"font-weight: 700;\">KM100<\/span> 5,5 kw o wydajno\u015bci od 100 do 200 kg\/h&nbsp;<br>wydajno\u015b\u0107 zale\u017cy\nod&nbsp; konsystencji produktu \n        <\/span>\n      <\/h3>\n      <div class=\"u-grey-10 u-opacity u-opacity-75 u-shape u-shape-rectangle u-shape-1\"><\/div>\n      <div class=\"u-clearfix u-gutter-30 u-layout-wrap u-layout-wrap-1\">\n        <div class=\"u-layout\">\n          <div class=\"u-layout-row\">\n            <div class=\"u-size-30\">\n              <div class=\"u-layout-col\">\n                <div class=\"u-align-left u-container-style u-layout-cell u-left-cell u-shape-rectangle u-size-60 u-layout-cell-1\">\n                  <div class=\"u-container-layout u-container-layout-1\">\n                    <img class=\"u-expanded-width u-hover-feature u-image u-image-1\" src=\"https:\/\/mlynki.com.pl\/mlynki\/wp-content\/uploads\/2022\/02\/km10012.jpg\" data-image-width=\"1600\" data-image-height=\"1067\">\n                    <h2 class=\"u-text u-text-palette-1-base u-text-2\"> KM100<\/h2>\n                    <p class=\"u-large-text u-text u-text-variant u-text-3\"> Silnik 5,5kw  400V   2900 Obr\/min <br>Waga 105kg <br>Wysoko\u015b\u0107 ca\u0142kowita 1150mm <br>Lej 15l \n                    <\/p>\n                  <\/div>\n                <\/div>\n              <\/div>\n            <\/div>\n            <div class=\"u-size-30\">\n              <div class=\"u-layout-col\">\n                <div class=\"u-size-30\">\n                  <div class=\"u-layout-row\">\n                    <div class=\"u-align-left u-container-style u-effect-hover-liftUp u-layout-cell u-size-60 u-layout-cell-2\" src=\"\" data-image-width=\"4728\" data-image-height=\"3152\">\n                      <div class=\"u-background-effect u-expanded\">\n                        <div class=\"u-background-effect-image u-expanded u-image u-image-2\" data-image-width=\"1600\" data-image-height=\"1067\" style=\"background-image: url(&quot;https:\/\/mlynki.com.pl\/mlynki\/wp-content\/uploads\/2022\/02\/Km10021.jpg&quot;);\"><\/div>\n                      <\/div>\n                      <div class=\"u-container-layout u-valign-top u-container-layout-2\"><\/div>\n                    <\/div>\n                  <\/div>\n                <\/div>\n                <div class=\"u-size-30\">\n                  <div class=\"u-layout-col\">\n                    <div class=\"u-align-left u-container-style u-layout-cell u-right-cell u-size-60 u-layout-cell-3\" src=\"\">\n                      <div class=\"u-container-layout\" src=\"\">\n                        <img class=\"u-expanded-width-sm u-expanded-width-xs u-hover-feature u-image u-image-3\" src=\"https:\/\/mlynki.com.pl\/mlynki\/wp-content\/uploads\/2022\/02\/KM10031.jpg\" data-image-width=\"1600\" data-image-height=\"1067\">\n                      <\/div>\n                    <\/div>\n                  <\/div>\n                <\/div>\n              <\/div>\n            <\/div>\n          <\/div>\n        <\/div>\n      <\/div>\n    <\/section>\n    <section class=\"u-clearfix u-grey-10 u-lightbox u-section-5\" id=\"carousel_b9ab\">\n      \n      \n      <h3 class=\"u-align-center u-text u-text-1\">\n        <span style=\"font-weight: 400;\">Model <span class=\"u-text-palette-1-base\" style=\"font-weight: 700;\">KM300<\/span>\n        <\/span>&nbsp;11kw o wydajno\u015bciach 300-600 kg\/h \n      <\/h3>\n      <div class=\"u-custom-color-1 u-flip-horizontal u-opacity u-opacity-75 u-shape u-shape-rectangle u-shape-1\"><\/div>\n      <div class=\"u-clearfix u-gutter-30 u-layout-wrap u-layout-wrap-1\">\n        <div class=\"u-layout\">\n          <div class=\"u-layout-row\">\n            <div class=\"u-size-30\">\n              <div class=\"u-layout-col\">\n                <div class=\"u-align-left u-container-style u-layout-cell u-left-cell u-size-60 u-layout-cell-1\">\n                  <div class=\"u-container-layout u-container-layout-1\">\n                    <img class=\"u-hover-feature u-image u-image-contain u-image-1\" src=\"https:\/\/mlynki.com.pl\/mlynki\/wp-content\/uploads\/2022\/02\/KM3001.jpg\" data-image-width=\"2817\" data-image-height=\"4225\">\n                    <h2 class=\"u-text u-text-palette-1-base u-text-2\"> KM300<\/h2>\n                    <p class=\"u-large-text u-text u-text-variant u-text-3\"> Silnik 11Kw 400V  2900Obr\/min<br>Waga 145kg <br>Wysoko\u015b\u0107 ca\u0142kowita 1170mm <br>Lej 15l \n                    <\/p>\n                  <\/div>\n                <\/div>\n              <\/div>\n            <\/div>\n            <div class=\"u-size-30\">\n              <div class=\"u-layout-col\">\n                <div class=\"u-size-30\">\n                  <div class=\"u-layout-row\">\n                    <div class=\"u-align-left u-container-style u-effect-hover-liftUp u-layout-cell u-size-60 u-layout-cell-2\" src=\"\" data-image-width=\"4728\" data-image-height=\"3152\">\n                      <div class=\"u-background-effect u-expanded\">\n                        <div class=\"u-background-effect-image u-expanded u-image u-image-contain u-image-2\" data-image-width=\"1067\" data-image-height=\"1600\" style=\"background-image: url(&quot;https:\/\/mlynki.com.pl\/mlynki\/wp-content\/uploads\/2022\/02\/KM302.jpg&quot;);\"><\/div>\n                      <\/div>\n                      <div class=\"u-container-layout u-valign-top u-container-layout-2\"><\/div>\n                    <\/div>\n                  <\/div>\n                <\/div>\n                <div class=\"u-size-30\">\n                  <div class=\"u-layout-col\">\n                    <div class=\"u-align-left u-container-style u-image u-layout-cell u-right-cell u-size-60 u-image-3\" src=\"\" data-image-width=\"1600\" data-image-height=\"1067\" style=\"background-image: url(&quot;https:\/\/mlynki.com.pl\/mlynki\/wp-content\/uploads\/2022\/02\/KM30031.jpg&quot;);\">\n                      <div class=\"u-container-layout u-container-layout-3\" src=\"\"><\/div>\n                    <\/div>\n                  <\/div>\n                <\/div>\n              <\/div>\n            <\/div>\n          <\/div>\n        <\/div>\n      <\/div>\n    <\/section>\n    <section class=\"u-clearfix u-grey-25 u-lightbox u-section-6\" id=\"carousel_43d9\">\n      \n      \n      <h3 class=\"u-align-center u-text u-text-1\">\n        <span style=\"font-weight: 400;\">Model <span class=\"u-text-palette-1-base\" style=\"font-weight: 700;\">KM700<\/span>\n        <\/span>&nbsp;15kw\n700\/1200kg\/h \n      <\/h3>\n      <div class=\"u-flip-horizontal u-grey-10 u-opacity u-opacity-75 u-shape u-shape-rectangle u-shape-1\"><\/div>\n      <div class=\"u-clearfix u-gutter-30 u-layout-wrap u-layout-wrap-1\">\n        <div class=\"u-layout\">\n          <div class=\"u-layout-row\">\n            <div class=\"u-size-30\">\n              <div class=\"u-layout-col\">\n                <div class=\"u-align-left u-container-style u-layout-cell u-left-cell u-size-60 u-layout-cell-1\">\n                  <div class=\"u-container-layout u-container-layout-1\">\n                    <img class=\"u-expanded-width u-hover-feature u-image u-image-1\" src=\"https:\/\/mlynki.com.pl\/mlynki\/wp-content\/uploads\/2022\/02\/Mlynkol-47.jpg\" data-image-width=\"1365\" data-image-height=\"2048\">\n                    <h2 class=\"u-text u-text-palette-1-base u-text-2\"> KM700<\/h2>\n                    <p class=\"u-large-text u-text u-text-variant u-text-3\"> Silnik 15Kw 400V  2900Obr\/min<br>Wydajno\u015b\u0107 700-1200Kg\/h <br>Waga 155kg <br>Wysoko\u015b\u0107 ca\u0142kowita 1170mm <br>Lej 40l lub 70l \n                    <\/p>\n                  <\/div>\n                <\/div>\n              <\/div>\n            <\/div>\n            <div class=\"u-size-30\">\n              <div class=\"u-layout-col\">\n                <div class=\"u-size-30\">\n                  <div class=\"u-layout-row\">\n                    <div class=\"u-align-left u-container-style u-effect-hover-liftUp u-layout-cell u-size-60 u-layout-cell-2\" src=\"\" data-image-width=\"4728\" data-image-height=\"3152\">\n                      <div class=\"u-background-effect u-expanded\">\n                        <div class=\"u-background-effect-image u-expanded u-image u-image-2\" data-image-width=\"6624\" data-image-height=\"4416\" style=\"background-image: url(&quot;https:\/\/mlynki.com.pl\/mlynki\/wp-content\/uploads\/2022\/02\/KM7002.jpg&quot;);\"><\/div>\n                      <\/div>\n                      <div class=\"u-container-layout u-valign-top u-container-layout-2\"><\/div>\n                    <\/div>\n                  <\/div>\n                <\/div>\n                <div class=\"u-size-30\">\n                  <div class=\"u-layout-col\">\n                    <div class=\"u-align-left u-container-style u-layout-cell u-right-cell u-size-60 u-layout-cell-3\" src=\"\">\n                      <div class=\"u-container-layout\" src=\"\">\n                        <img class=\"u-expanded-width-sm u-expanded-width-xs u-hover-feature u-image u-image-3\" src=\"https:\/\/mlynki.com.pl\/mlynki\/wp-content\/uploads\/2022\/02\/KM70042.jpg\" data-image-width=\"1600\" data-image-height=\"979\">\n                      <\/div>\n                    <\/div>\n                  <\/div>\n                <\/div>\n              <\/div>\n            <\/div>\n          <\/div>\n        <\/div>\n      <\/div>\n    <\/section>\n    <section class=\"u-clearfix u-lightbox u-section-7\" id=\"carousel_5732\">\n      \n      \n      <h3 class=\"u-align-center u-text u-text-1\">\n        <span style=\"font-weight: 400;\">Model <span class=\"u-text-palette-1-base\" style=\"font-weight: 700;\">KM1500<\/span>\n        <\/span>&nbsp;\u200b\u200b22KW lub 30KW\n\u200b1500-3000kg\/h \n      <\/h3>\n      <div class=\"u-flip-horizontal u-grey-10 u-opacity u-opacity-75 u-shape u-shape-round u-top-right-radius-6 u-shape-1\"><\/div>\n      <div class=\"u-clearfix u-gutter-30 u-layout-wrap u-layout-wrap-1\">\n        <div class=\"u-layout\">\n          <div class=\"u-layout-row\">\n            <div class=\"u-size-30\">\n              <div class=\"u-layout-col\">\n                <div class=\"u-align-left u-container-style u-layout-cell u-left-cell u-size-60 u-layout-cell-1\">\n                  <div class=\"u-container-layout u-container-layout-1\">\n                    <img class=\"u-expanded-width u-hover-feature u-image u-image-1\" src=\"https:\/\/mlynki.com.pl\/mlynki\/wp-content\/uploads\/2022\/02\/Mlynkol-47.jpg\" data-image-width=\"1365\" data-image-height=\"2048\">\n                    <h2 class=\"u-text u-text-palette-1-base u-text-2\"> KM1500<\/h2>\n                    <p class=\"u-large-text u-text u-text-variant u-text-3\"> Silnik \u200b22KW lub 30KW&nbsp; 400V  2900Obr\/min<br> Wydajno\u015b\u0107 1500-3000kg\/h <br>Waga 295kg <br>Wysoko\u015b\u0107 ca\u0142kowita 1450mm <br>Lej 70l \n                    <\/p>\n                  <\/div>\n                <\/div>\n              <\/div>\n            <\/div>\n            <div class=\"u-size-30\">\n              <div class=\"u-layout-col\">\n                <div class=\"u-size-30\">\n                  <div class=\"u-layout-row\">\n                    <div class=\"u-align-left u-container-style u-effect-hover-liftUp u-layout-cell u-size-60 u-layout-cell-2\" src=\"\" data-image-width=\"4728\" data-image-height=\"3152\">\n                      <div class=\"u-background-effect u-expanded\">\n                        <div class=\"u-background-effect-image u-expanded u-image u-image-2\" data-image-width=\"6624\" data-image-height=\"4416\" style=\"background-image: url(&quot;https:\/\/mlynki.com.pl\/mlynki\/wp-content\/uploads\/2022\/02\/KM7002.jpg&quot;);\"><\/div>\n                      <\/div>\n                      <div class=\"u-container-layout u-valign-top u-container-layout-2\"><\/div>\n                    <\/div>\n                  <\/div>\n                <\/div>\n                <div class=\"u-size-30\">\n                  <div class=\"u-layout-col\">\n                    <div class=\"u-align-left u-container-style u-layout-cell u-right-cell u-size-60 u-layout-cell-3\" src=\"\">\n                      <div class=\"u-container-layout\" src=\"\">\n                        <img class=\"u-expanded-width-sm u-expanded-width-xs u-hover-feature u-image u-image-3\" src=\"https:\/\/mlynki.com.pl\/mlynki\/wp-content\/uploads\/2022\/02\/KM70042.jpg\" data-image-width=\"1600\" data-image-height=\"979\">\n                      <\/div>\n                    <\/div>\n                  <\/div>\n                <\/div>\n              <\/div>\n            <\/div>\n          <\/div>\n        <\/div>\n      <\/div>\n    <\/section>\n    <section class=\"u-clearfix u-lightbox u-palette-5-light-3 u-section-8\" id=\"carousel_c8f3\">\n      \n      \n      <h3 class=\"u-align-center u-text u-text-1\">\n        <span style=\"font-weight: 400;\"><\/span> M\u0142yny Z\nmieszad\u0142em g\u0142\u00f3wnie do twarogu oraz innych g\u0119stych produkt\u00f3w zawieszaj\u0105cych si\u0119\nw leju zasypowym .&nbsp;<br>\n        <span class=\"u-text-palette-1-base\" style=\"font-weight: 700;\">KMH300<\/span> 7,5kw\n300kg\/h\n&nbsp;<span style=\"font-weight: 700;\" class=\"u-text-palette-1-base\">KMH700<\/span> 11kw 700kg\/h\n&nbsp;<span class=\"u-text-palette-1-base\" style=\"font-weight: 700;\">KMH1500<\/span>&nbsp;\n1500kg\/h 18,5kw \n      <\/h3>\n      <div class=\"u-flip-horizontal u-grey-10 u-opacity u-opacity-75 u-shape u-shape-round u-top-right-radius-6 u-shape-1\"><\/div>\n      <div class=\"u-clearfix u-gutter-30 u-layout-wrap u-layout-wrap-1\">\n        <div class=\"u-layout\">\n          <div class=\"u-layout-row\">\n            <div class=\"u-size-30\">\n              <div class=\"u-layout-col\">\n                <div class=\"u-align-left u-container-style u-layout-cell u-left-cell u-size-60 u-layout-cell-1\">\n                  <div class=\"u-container-layout u-container-layout-1\">\n                    <img class=\"u-expanded-width u-hover-feature u-image u-image-1\" src=\"https:\/\/mlynki.com.pl\/mlynki\/wp-content\/uploads\/2022\/02\/Mlynkol-13.jpg\" data-image-width=\"3575\" data-image-height=\"5362\">\n                    <h2 class=\"u-text u-text-palette-1-base u-text-2\"> M\u0142yny Z\nmieszad\u0142em<\/h2>\n                    <img class=\"u-hover-feature u-image u-image-default u-image-2\" src=\"https:\/\/mlynki.com.pl\/mlynki\/wp-content\/uploads\/2022\/02\/KMH4.jpg\" alt=\"\" data-image-width=\"1600\" data-image-height=\"1067\">\n                  <\/div>\n                <\/div>\n              <\/div>\n            <\/div>\n            <div class=\"u-size-30\">\n              <div class=\"u-layout-col\">\n                <div class=\"u-size-30\">\n                  <div class=\"u-layout-row\">\n                    <div class=\"u-align-left u-container-style u-effect-hover-liftUp u-layout-cell u-size-60 u-layout-cell-2\" src=\"\" data-image-width=\"4728\" data-image-height=\"3152\">\n                      <div class=\"u-background-effect u-expanded\">\n                        <div class=\"u-background-effect-image u-expanded u-image u-image-3\" data-image-width=\"5472\" data-image-height=\"3648\" style=\"background-image: url(&quot;https:\/\/mlynki.com.pl\/mlynki\/wp-content\/uploads\/2022\/02\/KMH2.jpg&quot;);\"><\/div>\n                      <\/div>\n                      <div class=\"u-container-layout u-valign-top u-container-layout-2\"><\/div>\n                    <\/div>\n                  <\/div>\n                <\/div>\n                <div class=\"u-size-30\">\n                  <div class=\"u-layout-col\">\n                    <div class=\"u-align-left u-container-style u-layout-cell u-right-cell u-size-60 u-layout-cell-3\" src=\"\">\n                      <div class=\"u-container-layout\" src=\"\">\n                        <img class=\"u-expanded-width-sm u-expanded-width-xs u-hover-feature u-image u-image-4\" src=\"https:\/\/mlynki.com.pl\/mlynki\/wp-content\/uploads\/2022\/02\/KMH3.jpg\" data-image-width=\"1600\" data-image-height=\"1067\">\n                      <\/div>\n                    <\/div>\n                  <\/div>\n                <\/div>\n              <\/div>\n            <\/div>\n          <\/div>\n        <\/div>\n      <\/div>\n      \n    <\/section>\n    <section class=\"u-clearfix u-section-9\" id=\"sec-ee78\">\n      <div class=\"u-clearfix u-sheet u-sheet-1\">\n        <h2 class=\"u-text u-text-default u-text-1\">Urz\u0105dzenia\nze stali kwasoodpornej<\/h2>\n      <\/div>\n    <\/section>\n    <section class=\"u-clearfix u-section-10\" id=\"sec-2df7\">\n      <div class=\"u-clearfix u-sheet u-valign-top u-sheet-1\">\n        <p class=\"u-text u-text-default u-text-1\">Skuteczno\u015b\u0107 naszych urz\u0105dze\u0144 wynika g\u0142\u00f3wnie z ich precyzyjnej konstrukcji oraz solidnych materia\u0142\u00f3w u\u017cytych do ich produkcji. Jednym z kluczowych czynnik\u00f3w, wp\u0142ywaj\u0105cych na trwa\u0142o\u015b\u0107, wydajno\u015b\u0107 oraz higien\u0119 pracy, jest wykorzystanie kwasoodpornej stali. Materia\u0142 ten cechuje si\u0119 nie tylko doskona\u0142\u0105 odporno\u015bci\u0105 na korozj\u0119, ale tak\u017ce na szereg agresywnych \u015brodk\u00f3w chemicznych. <span style=\"font-weight: 700;\">M\u0142ynki ze stali kwasoodpornej<\/span> s\u0105 niezwykle wytrzyma\u0142e, odporne na \u015bcieranie i dzia\u0142anie wysokich temperatur. Co wi\u0119cej, odpowiednie w\u0142a\u015bciwo\u015bci antykorozyjne sprawiaj\u0105, \u017ce maszyny te \u0142atwo utrzyma\u0107 w czysto\u015bci \u2013 z \u0142atwo\u015bci\u0105 spe\u0142niaj\u0105 surowe normy higieniczne charakterystyczne dla bran\u017cy spo\u017cywczej i farmaceutycznej.\n        <\/p>\n        <h2 class=\"u-text u-text-default u-text-2\">Urz\u0105dzenia\nze stali kwasoodpornej<\/h2>\n        <p class=\"u-text u-text-default u-text-3\">Odpowiednie dopasowanie mocy m\u0142ynka koloidalnego do potrzeb procesu produkcyjnego jest kluczowe dla osi\u0105gni\u0119cia optymalnych rezultat\u00f3w oraz maksymalizacji wydajno\u015bci pracy maszyny. Wyb\u00f3r<span style=\"font-weight: 700;\"> m\u0142ynka o odpowiedniej mocy<\/span> wp\u0142ywa bowiem zar\u00f3wno na jako\u015b\u0107 produktu, jak i na efektywno\u015b\u0107 energetyczn\u0105 urz\u0105dzenia. W praktyce oznacza to, \u017ce podczas doboru m\u0142ynka powinno si\u0119 uwzgl\u0119dni\u0107 takie czynniki, jak rodzaj surowc\u00f3w u\u017cywanych do produkcji, ich w\u0142a\u015bciwo\u015bci fizykochemiczne, po\u017c\u0105dan\u0105 konsystencj\u0119 produktu oraz wielko\u015b\u0107 partii produkcyjnych. Przyk\u0142adowo, do rozdrabniania twardych substancji, takich jak ziarna czy ziemia okrzemkowa, niezb\u0119dne jest zastosowanie urz\u0105dzenia o wi\u0119kszej mocy ni\u017c podczas mieszania p\u0142yn\u00f3w czy emulgowania ma\u015bci. Warto tak\u017ce zwr\u00f3ci\u0107 uwag\u0119 na mo\u017cliwo\u015b\u0107 regulacji pr\u0119dko\u015bci obrotowej maszyny oraz precyzj\u0119 ustawie\u0144 szczelin dyspersyjnych. Dzi\u0119ki temu mo\u017cna osi\u0105gn\u0105\u0107 optymaln\u0105 konsystencj\u0119 produktu oraz skr\u00f3ci\u0107 czas potrzebny na jego przetworzenie.\n        <\/p>\n      <\/div>\n    <\/section>\n    \n    \n  \n","protected":false},"excerpt":{"rendered":"<p>Oferta M\u0142ynkol Nasza oferta obejmuje&nbsp;proste w obs\u0142udze i czyszczeniu urz\u0105dzenia do rozdrabniania wykonane ze stali kwasoodpornych o wydajno\u015bciach od 100kg do 1500+kg na godzin\u0119. Maszyny te nap\u0119dzane s\u0105 przez silniki elektryczne o mocy od 5,5kw do 30kw oraz wyposa\u017cone w wysokiej jako\u015bci sterowniki, gwarantuj\u0105ce bezpieczn\u0105 prac\u0119 silnika, jak i operatora. Wszystkie nasze m\u0142ynki zapewniaj\u0105 taki &hellip; <a href=\"https:\/\/mlynki.com.pl\/mlynki\/oferta-2\/\" class=\"more-link\">Continue reading<span class=\"screen-reader-text\"> &#8222;OFERTA&#8221;<\/span><\/a><\/p>\n","protected":false},"author":1,"featured_media":0,"parent":0,"menu_order":1,"comment_status":"closed","ping_status":"closed","template":"","meta":[],"_links":{"self":[{"href":"https:\/\/mlynki.com.pl\/mlynki\/wp-json\/wp\/v2\/pages\/167"}],"collection":[{"href":"https:\/\/mlynki.com.pl\/mlynki\/wp-json\/wp\/v2\/pages"}],"about":[{"href":"https:\/\/mlynki.com.pl\/mlynki\/wp-json\/wp\/v2\/types\/page"}],"author":[{"embeddable":true,"href":"https:\/\/mlynki.com.pl\/mlynki\/wp-json\/wp\/v2\/users\/1"}],"replies":[{"embeddable":true,"href":"https:\/\/mlynki.com.pl\/mlynki\/wp-json\/wp\/v2\/comments?post=167"}],"version-history":[{"count":11,"href":"https:\/\/mlynki.com.pl\/mlynki\/wp-json\/wp\/v2\/pages\/167\/revisions"}],"predecessor-version":[{"id":375,"href":"https:\/\/mlynki.com.pl\/mlynki\/wp-json\/wp\/v2\/pages\/167\/revisions\/375"}],"wp:attachment":[{"href":"https:\/\/mlynki.com.pl\/mlynki\/wp-json\/wp\/v2\/media?parent=167"}],"curies":[{"name":"wp","href":"https:\/\/api.w.org\/{rel}","templated":true}]}}