{"id":4,"date":"2017-02-21T10:31:34","date_gmt":"2017-02-21T09:31:34","guid":{"rendered":"http:\/\/mlynki.com.pl\/mlynki\/?page_id=4"},"modified":"2022-01-17T01:04:29","modified_gmt":"2022-01-17T00:04:29","slug":"o-firmie","status":"publish","type":"page","link":"https:\/\/mlynki.com.pl\/mlynki\/en\/o-firmie\/","title":{"rendered":"O Firmie"},"content":{"rendered":"[section title=&#8221;Architecture Design&#8221; id=&#8221;section4&#8243; wide=true css=&#8221;margin-top:0px;margin-bottom:466px;&#8221; typography=&#8221;Text {line-height: 32px;font-size: 16px;font-style: normal;}H3 {line-height: 36px;font-size: 24px;font-weight: 300;margin-top: 0.5em;margin-bottom: 0.5em;}H1 {line-height: 42.85714287px;font-size: 30px;font-weight: 700;text-transform: uppercase;letter-spacing: 1px;color: #555555;}&#8221;]\n    [columns auto_height=1 vertical_align=&#8221;middle&#8221; add_margins=true css_sm=&#8221;height:auto;&#8221; css=&#8221;height:839px;&#8221; spacing_css=&#8221;height:100%;margin:0px;padding:0px;&#8221;]\n    [column width=&#8221;6&#8243; css=&#8221;position:relative;&#8221;]\n[image_scaling css=&#8221;background-position:center center;background-repeat:no-repeat;background-size:cover;&#8221;]\n[image image=&#8221;http:\/\/mlynki.com.pl\/mlynki\/wp-content\/uploads\/2017\/09\/996004e11934232b70e791cab08518b9_km100.jpg&#8221; css_sm=&#8221;position:relative;&#8221; css=&#8221;position:absolute;top:0.000%;left:auto;width:100%;height:100%;right:-0.136%;bottom:auto;&#8221;][\/image][\/image_scaling]\n[\/column]\n<p>\t\t[column width=&#8221;6&#8243; css=&#8221;padding:10%;&#8221;]\n[text tag=&#8221;h1&#8243;]O Firmie M\u0142ynkol[\/text]\n<p>\t\t[spacer css=&#8221;height:33px;clear:both;margin-bottom:-44px;&#8221;][\/spacer]\n<p>\t\t[text tag=&#8221;p&#8221; css=&#8221;margin-top:-44px;height:1056px;&#8221;]\n<!--&#091;if gte mso 9&#093;>\n \n  12.00\n \n<!&#091;endif&#093;--><\/p>\n<p><!--&#091;if gte mso 9&#093;>\n \n  Normal\n  0\n  \n  \n  21\n  \n  \n  false\n  false\n  false\n  \n  PL\n  X-NONE\n  X-NONE\n  \n   \n   \n   \n   \n   \n   \n   \n   \n   \n   \n   \n  \n  \n   \n   \n   \n   \n   \n   \n   \n   \n   \n   \n   \n  \n<!&#091;endif&#093;--><!--&#091;if gte mso 9&#093;>\n \n  \n  \n  \n  \n  \n  \n  \n  \n  \n  \n  \n  \n  \n  \n  \n  \n  \n  \n  \n  \n  \n  \n  \n  \n  \n  \n  \n  \n  \n  \n  \n  \n  \n  \n  \n  \n  \n  \n  \n  \n  \n  \n  \n  \n  \n  \n  \n  \n  \n  \n  \n  \n  \n  \n  \n  \n  \n  \n  \n  \n  \n  \n  \n  \n  \n  \n  \n  \n  \n  \n  \n  \n  \n  \n  \n  \n  \n  \n  \n  \n  \n  \n  \n  \n  \n  \n  \n  \n  \n  \n  \n  \n  \n  \n  \n  \n  \n  \n  \n  \n  \n  \n  \n  \n  \n  \n  \n  \n  \n  \n  \n  \n  \n  \n  \n  \n  \n  \n  \n  \n  \n  \n  \n  \n  \n  \n  \n  \n  \n  \n  \n  \n  \n  \n  \n  \n  \n \n<!&#091;endif&#093;--><\/p>\n<p><!--\n \/* Font Definitions *\/\n @font-face\n\t{font-family:\"Cambria Math\";\n\tpanose-1:2 4 5 3 5 4 6 3 2 4;\n\tmso-font-charset:238;\n\tmso-generic-font-family:roman;\n\tmso-font-pitch:variable;\n\tmso-font-signature:-536870145 1107305727 0 0 415 0;}\n@font-face\n\t{font-family:Calibri;\n\tpanose-1:2 15 5 2 2 2 4 3 2 4;\n\tmso-font-charset:238;\n\tmso-generic-font-family:swiss;\n\tmso-font-pitch:variable;\n\tmso-font-signature:-536870145 1073786111 1 0 415 0;}\n \/* Style Definitions *\/\n p.MsoNormal, li.MsoNormal, div.MsoNormal\n\t{mso-style-unhide:no;\n\tmso-style-qformat:yes;\n\tmso-style-parent:\"\";\n\tmargin-top:0cm;\n\tmargin-right:0cm;\n\tmargin-bottom:10.0pt;\n\tmargin-left:0cm;\n\tline-height:115%;\n\tmso-pagination:widow-orphan;\n\tfont-size:11.0pt;\n\tfont-family:\"Calibri\",\"sans-serif\";\n\tmso-ascii-font-family:Calibri;\n\tmso-ascii-theme-font:minor-latin;\n\tmso-fareast-font-family:Calibri;\n\tmso-fareast-theme-font:minor-latin;\n\tmso-hansi-font-family:Calibri;\n\tmso-hansi-theme-font:minor-latin;\n\tmso-bidi-font-family:\"Times New Roman\";\n\tmso-bidi-theme-font:minor-bidi;\n\tmso-fareast-language:EN-US;}\n.MsoChpDefault\n\t{mso-style-type:export-only;\n\tmso-default-props:yes;\n\tmso-ascii-font-family:Calibri;\n\tmso-ascii-theme-font:minor-latin;\n\tmso-fareast-font-family:Calibri;\n\tmso-fareast-theme-font:minor-latin;\n\tmso-hansi-font-family:Calibri;\n\tmso-hansi-theme-font:minor-latin;\n\tmso-bidi-font-family:\"Times New Roman\";\n\tmso-bidi-theme-font:minor-bidi;\n\tmso-fareast-language:EN-US;}\n.MsoPapDefault\n\t{mso-style-type:export-only;\n\tmargin-bottom:10.0pt;\n\tline-height:115%;}\n@page WordSection1\n\t{size:612.0pt 792.0pt;\n\tmargin:70.85pt 70.85pt 70.85pt 70.85pt;\n\tmso-header-margin:35.4pt;\n\tmso-footer-margin:35.4pt;\n\tmso-paper-source:0;}\ndiv.WordSection1\n\t{page:WordSection1;}\n--><\/p>\n<p><!--&#091;if gte mso 10&#093;>\n\n \/* Style Definitions *\/\n table.MsoNormalTable\n\t{mso-style-name:Standardowy;\n\tmso-tstyle-rowband-size:0;\n\tmso-tstyle-colband-size:0;\n\tmso-style-noshow:yes;\n\tmso-style-priority:99;\n\tmso-style-qformat:yes;\n\tmso-style-parent:\"\";\n\tmso-padding-alt:0cm 5.4pt 0cm 5.4pt;\n\tmso-para-margin-top:0cm;\n\tmso-para-margin-right:0cm;\n\tmso-para-margin-bottom:10.0pt;\n\tmso-para-margin-left:0cm;\n\tline-height:115%;\n\tmso-pagination:widow-orphan;\n\tfont-size:11.0pt;\n\tfont-family:\"Calibri\",\"sans-serif\";\n\tmso-ascii-font-family:Calibri;\n\tmso-ascii-theme-font:minor-latin;\n\tmso-fareast-font-family:\"Times New Roman\";\n\tmso-fareast-theme-font:minor-fareast;\n\tmso-hansi-font-family:Calibri;\n\tmso-hansi-theme-font:minor-latin;}\n\n<!&#091;endif&#093;--><\/p>\n<p><!--StartFragment-->Firma<br \/>\nM\u0142ynkol&nbsp; od ponad 60 lat zajmuje si\u0119<br \/>\nprodukcj\u0105 m\u0142yn\u00f3w koloidalnych dla wielu ga\u0142\u0119zi przemys\u0142u spo\u017cywczego,<br \/>\nfarmaceutycznego i chemicznego, s\u0142u\u017c\u0105cych do bardzo dok\u0142adnego rozcierania,<br \/>\nmielenia oraz homogenizacji jednego lub wielu produkt\u00f3w nie wi\u0105\u017c\u0105cych si\u0119 ze<br \/>\nsob\u0105 innymi metodami mieszania.&nbsp; M\u0142ynkol<br \/>\nto nie wielka rodzinna firma kt\u00f3ra rozpocz\u0119\u0142a dzia\u0142alno\u015b\u0107 w 1958r pod<br \/>\nnazw\u0105&nbsp; \u201eMechanika Maszyn Tadeusz<br \/>\nSu\u0142owski\u201d&nbsp;&nbsp; Tadeusz Su\u0142owski&nbsp; zdoby\u0142 do\u015bwiadczenie techniczne pracuj\u0105c po<br \/>\nwojnie&nbsp; w Hucie Warszawa i wraz z zaprzyja\u017anionym<br \/>\nin\u017cynierem zaprojektowali pierwszy m\u0142yn koloidalny w Polsce&nbsp; g\u0142\u00f3wnie dla przemys\u0142u mi\u0119snego. Tadeusz<br \/>\nSu\u0142owski&nbsp; prowadzi\u0142 firm\u0119 do roku 2000<br \/>\nkiedy przekaza\u0142&nbsp; j\u0105 w r\u0119ce zi\u0119cia<br \/>\nKrzysztofa Calaka&nbsp; kt\u00f3ry zmieni\u0142 nazw\u0119 na<br \/>\n\u201eM\u0142ynkol Krzysztof Calak\u201d . Nadszed\u0142 wtedy czas wielkich zmian do oferty zosta\u0142y<br \/>\nwprowadzone&nbsp; nowe m\u0142yny w kwasoodpornych<br \/>\nobudowach i o r\u00f3\u017cnych wydajno\u015bciach&nbsp; a<br \/>\ntak\u017ce homogenizatory , m\u0142yny z mieszad\u0142em.&nbsp;<br \/>\nJu\u017c kilka lat wcze\u015bniej zacz\u0119\u0142o si\u0119 r\u00f3wnie\u017c zwi\u0119ksza\u0107 zastosowanie<br \/>\nm\u0142yn\u00f3w, przybywali nowi klienci z nowymi produktami . Krzysztof Calak z<br \/>\npowodzeniem prowadzi\u0142&nbsp; firm\u0119 do roku 2020<br \/>\nkiedy na czele firmy stan\u0105\u0142 jego syn \u0141ukasz Su\u0142owski , korzystaj\u0105c&nbsp; z ogromnego do\u015bwiadczenia jakie zdoby\u0142&nbsp; w Polsce i za granic\u0105 i wiedzy jak\u0105<br \/>\nprzekazali mu ojciec i dziadek&nbsp; od kiedy<br \/>\nby\u0142 ma\u0142ym ch\u0142opcem. \u0141ukasz Su\u0142owski jest pe\u0142en motywacji aby odnosi\u0107 kolejne<br \/>\nsukcesy. Ju\u017c od pocz\u0105tku swojej dzia\u0142alno\u015bci bada, testuje i modyfikuje maszyny<br \/>\npod k\u0105tem nowych produkt\u00f3w kt\u00f3rych lista jest ju\u017c bardzo d\u0142uga, niewielkie<br \/>\nmodyfikacje lub dodatkowe akcesoria sprawi\u0142y \u017ce nasze m\u0142yny koloidalne s\u0105<br \/>\njednymi z najbardziej uniwersalnych i wielozadaniowych maszyn w przemy\u015ble.<!--EndFragment-->[\/text]\n<p>\t\t[spacer css=&#8221;height:33px;clear:both;&#8221;][\/spacer]\n[\/column]\n[\/columns]\n[\/section]\n<p>\t\t[section title=&#8221;Map Two Thirds&#8221; id=&#8221;section4&#8243; wide=true typography_md=&#8221;Text {line-height: 22.85714286px;font-size: 16px;}H4 {line-height: 44.2857143px;font-size: 31px;}&#8221; typography_sm=&#8221;Text {line-height: 20.00000001px;font-size: 14px;}&#8221; css=&#8221;padding-top:1em;padding-bottom:1em;background-color:#ededed;margin-top:466px;height:551px;&#8221; typography=&#8221;Text {line-height: 36px;font-size: 18px;font-style: normal;}H4 {line-height: 70.00000002px;font-size: 49px;color: #000000;text-transform: none;font-weight: 300;font-style: normal;margin-top: 0;}&#8221;]\n    [container_effect ][columns auto_height=1 vertical_align=&#8221;middle&#8221; add_margins=true]\n    [column width_sm=&#8221;8&#8243;]\n[googlemap address=&#8221;M\u0141YNKOL 05-420 J\u00f3zef\u00f3w, ul.Jagodowa 14&#8243; zoom=&#8221;16&#8243; map_type=&#8221;road&#8221; language=&#8221;English&#8221; css_md=&#8221;height:350px;&#8221; css=&#8221;height:500px;width:100%;display:block;&#8221;][\/googlemap]\n[\/column]\n<p>\t\t[column width_sm=&#8221;4&#8243; css_sm=&#8221;margin:2em;&#8221; css=&#8221;margin:3em;&#8221;]\n[text tag=&#8221;h4&#8243;]Kontakt[\/text]\n<p>\t\t[text tag=&#8221;p&#8221; typography=&#8221;Text {font-style: normal;}&#8221;]M\u0142ynkol Krzysztof Calak<br \/>\nul. Jagodowa 14<br \/>\n05-420 J\u00f3zef\u00f3w\/k. Otwocka<\/p>\n<p>tel: 22 7892205;<br \/>\nkom 605317804<br \/>\n<br \/>\nmlynki@mlynki.com.pl<br \/>\nbiuro@mlynki.com.pl<br \/>[\/text]\n[\/column]\n[\/columns][\/container_effect]\n[\/section]\n","protected":false},"excerpt":{"rendered":"<p>[section title=&#8221;Architecture Design&#8221; id=&#8221;section4&#8243; wide=true css=&#8221;margin-top:0px;margin-bottom:466px;&#8221; typography=&#8221;Text {line-height: 32px;font-size: 16px;font-style: normal;}H3 {line-height: 36px;font-size: 24px;font-weight: 300;margin-top: 0.5em;margin-bottom: 0.5em;}H1 {line-height: 42.85714287px;font-size: 30px;font-weight: 700;text-transform: uppercase;letter-spacing: 1px;color: #555555;}&#8221;] [columns auto_height=1 vertical_align=&#8221;middle&#8221; add_margins=true css_sm=&#8221;height:auto;&#8221; css=&#8221;height:839px;&#8221; spacing_css=&#8221;height:100%;margin:0px;padding:0px;&#8221;] [column width=&#8221;6&#8243; css=&#8221;position:relative;&#8221;] [image_scaling css=&#8221;background-position:center center;background-repeat:no-repeat;background-size:cover;&#8221;] [image image=&#8221;http:\/\/mlynki.com.pl\/mlynki\/wp-content\/uploads\/2017\/09\/996004e11934232b70e791cab08518b9_km100.jpg&#8221; css_sm=&#8221;position:relative;&#8221; css=&#8221;position:absolute;top:0.000%;left:auto;width:100%;height:100%;right:-0.136%;bottom:auto;&#8221;][\/image][\/image_scaling] [\/column] [column width=&#8221;6&#8243; css=&#8221;padding:10%;&#8221;] [text tag=&#8221;h1&#8243;]O Firmie M\u0142ynkol[\/text] [spacer css=&#8221;height:33px;clear:both;margin-bottom:-44px;&#8221;][\/spacer] [text tag=&#8221;p&#8221; css=&#8221;margin-top:-44px;height:1056px;&#8221;] Firma &hellip; <a href=\"https:\/\/mlynki.com.pl\/mlynki\/en\/o-firmie\/\" class=\"more-link\">Continue reading<span class=\"screen-reader-text\"> &#8220;O Firmie&#8221;<\/span><\/a><\/p>\n","protected":false},"author":1,"featured_media":0,"parent":0,"menu_order":0,"comment_status":"closed","ping_status":"closed","template":"templates\/front_1.php","meta":[],"yoast_head":"<!-- This site is optimized with the Yoast SEO plugin v20.12 - https:\/\/yoast.com\/wordpress\/plugins\/seo\/ -->\n<title>O Firmie - MLynkol<\/title>\n<meta name=\"robots\" content=\"index, follow, max-snippet:-1, max-image-preview:large, max-video-preview:-1\" \/>\n<link rel=\"canonical\" href=\"https:\/\/mlynki.com.pl\/mlynki\/en\/o-firmie\/\" \/>\n<meta property=\"og:locale\" content=\"en_US\" \/>\n<meta property=\"og:type\" content=\"article\" \/>\n<meta property=\"og:title\" content=\"O Firmie - MLynkol\" \/>\n<meta property=\"og:description\" content=\"[section title=&#8221;Architecture Design&#8221; id=&#8221;section4&#8243; wide=true css=&#8221;margin-top:0px;margin-bottom:466px;&#8221; typography=&#8221;Text {line-height: 32px;font-size: 16px;font-style: normal;}H3 {line-height: 36px;font-size: 24px;font-weight: 300;margin-top: 0.5em;margin-bottom: 0.5em;}H1 {line-height: 42.85714287px;font-size: 30px;font-weight: 700;text-transform: uppercase;letter-spacing: 1px;color: #555555;}&#8221;] [columns auto_height=1 vertical_align=&#8221;middle&#8221; add_margins=true css_sm=&#8221;height:auto;&#8221; css=&#8221;height:839px;&#8221; spacing_css=&#8221;height:100%;margin:0px;padding:0px;&#8221;] [column width=&#8221;6&#8243; css=&#8221;position:relative;&#8221;] [image_scaling css=&#8221;background-position:center center;background-repeat:no-repeat;background-size:cover;&#8221;] [image image=&#8221;http:\/\/mlynki.com.pl\/mlynki\/wp-content\/uploads\/2017\/09\/996004e11934232b70e791cab08518b9_km100.jpg&#8221; css_sm=&#8221;position:relative;&#8221; css=&#8221;position:absolute;top:0.000%;left:auto;width:100%;height:100%;right:-0.136%;bottom:auto;&#8221;][\/image][\/image_scaling] [\/column] [column width=&#8221;6&#8243; css=&#8221;padding:10%;&#8221;] [text tag=&#8221;h1&#8243;]O Firmie M\u0142ynkol[\/text] [spacer css=&#8221;height:33px;clear:both;margin-bottom:-44px;&#8221;][\/spacer] [text tag=&#8221;p&#8221; css=&#8221;margin-top:-44px;height:1056px;&#8221;] Firma &hellip; Continue reading &quot;O Firmie&quot;\" \/>\n<meta property=\"og:url\" content=\"https:\/\/mlynki.com.pl\/mlynki\/en\/o-firmie\/\" \/>\n<meta property=\"og:site_name\" content=\"MLynkol\" \/>\n<meta property=\"article:modified_time\" content=\"2022-01-17T00:04:29+00:00\" \/>\n<meta name=\"twitter:card\" content=\"summary_large_image\" \/>\n<meta name=\"twitter:label1\" content=\"Est. reading time\" \/>\n\t<meta name=\"twitter:data1\" content=\"3 minutes\" \/>\n<script type=\"application\/ld+json\" class=\"yoast-schema-graph\">{\"@context\":\"https:\/\/schema.org\",\"@graph\":[{\"@type\":\"WebPage\",\"@id\":\"https:\/\/mlynki.com.pl\/mlynki\/en\/o-firmie\/\",\"url\":\"https:\/\/mlynki.com.pl\/mlynki\/en\/o-firmie\/\",\"name\":\"O Firmie - MLynkol\",\"isPartOf\":{\"@id\":\"https:\/\/mlynki.com.pl\/mlynki\/en\/#website\"},\"datePublished\":\"2017-02-21T09:31:34+00:00\",\"dateModified\":\"2022-01-17T00:04:29+00:00\",\"breadcrumb\":{\"@id\":\"https:\/\/mlynki.com.pl\/mlynki\/en\/o-firmie\/#breadcrumb\"},\"inLanguage\":\"en-US\",\"potentialAction\":[{\"@type\":\"ReadAction\",\"target\":[\"https:\/\/mlynki.com.pl\/mlynki\/en\/o-firmie\/\"]}]},{\"@type\":\"BreadcrumbList\",\"@id\":\"https:\/\/mlynki.com.pl\/mlynki\/en\/o-firmie\/#breadcrumb\",\"itemListElement\":[{\"@type\":\"ListItem\",\"position\":1,\"name\":\"Strona g\u0142\u00f3wna\",\"item\":\"https:\/\/mlynki.com.pl\/mlynki\/en\/\"},{\"@type\":\"ListItem\",\"position\":2,\"name\":\"O Firmie\"}]},{\"@type\":\"WebSite\",\"@id\":\"https:\/\/mlynki.com.pl\/mlynki\/en\/#website\",\"url\":\"https:\/\/mlynki.com.pl\/mlynki\/en\/\",\"name\":\"MLynkol\",\"description\":\"Producent m\u0142ynk\u00f3w koloidalnych\",\"potentialAction\":[{\"@type\":\"SearchAction\",\"target\":{\"@type\":\"EntryPoint\",\"urlTemplate\":\"https:\/\/mlynki.com.pl\/mlynki\/en\/?s={search_term_string}\"},\"query-input\":\"required name=search_term_string\"}],\"inLanguage\":\"en-US\"}]}<\/script>\n<!-- \/ Yoast SEO plugin. -->","yoast_head_json":{"title":"O Firmie - MLynkol","robots":{"index":"index","follow":"follow","max-snippet":"max-snippet:-1","max-image-preview":"max-image-preview:large","max-video-preview":"max-video-preview:-1"},"canonical":"https:\/\/mlynki.com.pl\/mlynki\/en\/o-firmie\/","og_locale":"en_US","og_type":"article","og_title":"O Firmie - MLynkol","og_description":"[section title=&#8221;Architecture Design&#8221; id=&#8221;section4&#8243; wide=true css=&#8221;margin-top:0px;margin-bottom:466px;&#8221; typography=&#8221;Text {line-height: 32px;font-size: 16px;font-style: normal;}H3 {line-height: 36px;font-size: 24px;font-weight: 300;margin-top: 0.5em;margin-bottom: 0.5em;}H1 {line-height: 42.85714287px;font-size: 30px;font-weight: 700;text-transform: uppercase;letter-spacing: 1px;color: #555555;}&#8221;] [columns auto_height=1 vertical_align=&#8221;middle&#8221; add_margins=true css_sm=&#8221;height:auto;&#8221; css=&#8221;height:839px;&#8221; spacing_css=&#8221;height:100%;margin:0px;padding:0px;&#8221;] [column width=&#8221;6&#8243; css=&#8221;position:relative;&#8221;] [image_scaling css=&#8221;background-position:center center;background-repeat:no-repeat;background-size:cover;&#8221;] [image image=&#8221;http:\/\/mlynki.com.pl\/mlynki\/wp-content\/uploads\/2017\/09\/996004e11934232b70e791cab08518b9_km100.jpg&#8221; css_sm=&#8221;position:relative;&#8221; css=&#8221;position:absolute;top:0.000%;left:auto;width:100%;height:100%;right:-0.136%;bottom:auto;&#8221;][\/image][\/image_scaling] [\/column] [column width=&#8221;6&#8243; css=&#8221;padding:10%;&#8221;] [text tag=&#8221;h1&#8243;]O Firmie M\u0142ynkol[\/text] [spacer css=&#8221;height:33px;clear:both;margin-bottom:-44px;&#8221;][\/spacer] [text tag=&#8221;p&#8221; css=&#8221;margin-top:-44px;height:1056px;&#8221;] Firma &hellip; Continue reading \"O Firmie\"","og_url":"https:\/\/mlynki.com.pl\/mlynki\/en\/o-firmie\/","og_site_name":"MLynkol","article_modified_time":"2022-01-17T00:04:29+00:00","twitter_card":"summary_large_image","twitter_misc":{"Est. reading time":"3 minutes"},"schema":{"@context":"https:\/\/schema.org","@graph":[{"@type":"WebPage","@id":"https:\/\/mlynki.com.pl\/mlynki\/en\/o-firmie\/","url":"https:\/\/mlynki.com.pl\/mlynki\/en\/o-firmie\/","name":"O Firmie - MLynkol","isPartOf":{"@id":"https:\/\/mlynki.com.pl\/mlynki\/en\/#website"},"datePublished":"2017-02-21T09:31:34+00:00","dateModified":"2022-01-17T00:04:29+00:00","breadcrumb":{"@id":"https:\/\/mlynki.com.pl\/mlynki\/en\/o-firmie\/#breadcrumb"},"inLanguage":"en-US","potentialAction":[{"@type":"ReadAction","target":["https:\/\/mlynki.com.pl\/mlynki\/en\/o-firmie\/"]}]},{"@type":"BreadcrumbList","@id":"https:\/\/mlynki.com.pl\/mlynki\/en\/o-firmie\/#breadcrumb","itemListElement":[{"@type":"ListItem","position":1,"name":"Strona g\u0142\u00f3wna","item":"https:\/\/mlynki.com.pl\/mlynki\/en\/"},{"@type":"ListItem","position":2,"name":"O Firmie"}]},{"@type":"WebSite","@id":"https:\/\/mlynki.com.pl\/mlynki\/en\/#website","url":"https:\/\/mlynki.com.pl\/mlynki\/en\/","name":"MLynkol","description":"Producent m\u0142ynk\u00f3w koloidalnych","potentialAction":[{"@type":"SearchAction","target":{"@type":"EntryPoint","urlTemplate":"https:\/\/mlynki.com.pl\/mlynki\/en\/?s={search_term_string}"},"query-input":"required name=search_term_string"}],"inLanguage":"en-US"}]}},"_links":{"self":[{"href":"https:\/\/mlynki.com.pl\/mlynki\/en\/wp-json\/wp\/v2\/pages\/4"}],"collection":[{"href":"https:\/\/mlynki.com.pl\/mlynki\/en\/wp-json\/wp\/v2\/pages"}],"about":[{"href":"https:\/\/mlynki.com.pl\/mlynki\/en\/wp-json\/wp\/v2\/types\/page"}],"author":[{"embeddable":true,"href":"https:\/\/mlynki.com.pl\/mlynki\/en\/wp-json\/wp\/v2\/users\/1"}],"replies":[{"embeddable":true,"href":"https:\/\/mlynki.com.pl\/mlynki\/en\/wp-json\/wp\/v2\/comments?post=4"}],"version-history":[{"count":18,"href":"https:\/\/mlynki.com.pl\/mlynki\/en\/wp-json\/wp\/v2\/pages\/4\/revisions"}],"predecessor-version":[{"id":132,"href":"https:\/\/mlynki.com.pl\/mlynki\/en\/wp-json\/wp\/v2\/pages\/4\/revisions\/132"}],"wp:attachment":[{"href":"https:\/\/mlynki.com.pl\/mlynki\/en\/wp-json\/wp\/v2\/media?parent=4"}],"curies":[{"name":"wp","href":"https:\/\/api.w.org\/{rel}","templated":true}]}}